{"id":5970,"date":"2025-02-06T15:22:49","date_gmt":"2025-02-06T18:22:49","guid":{"rendered":"https:\/\/beltempo.com.br\/site\/?page_id=5970"},"modified":"2025-05-08T16:43:37","modified_gmt":"2025-05-08T19:43:37","slug":"termo-de-garantia","status":"publish","type":"page","link":"https:\/\/beltempo.com.br\/site\/termo-de-garantia\/","title":{"rendered":"Termo de garantia"},"content":{"rendered":"\t\t<div data-elementor-type=\"wp-page\" data-elementor-id=\"5970\" class=\"elementor elementor-5970\" data-elementor-post-type=\"page\">\n\t\t\t\t<div class=\"elementor-element elementor-element-5dfc7c2 e-flex e-con-boxed wpr-particle-no wpr-jarallax-no wpr-parallax-no wpr-sticky-section-no wpr-equal-height-no e-con e-parent\" data-id=\"5dfc7c2\" data-element_type=\"container\" data-e-type=\"container\">\n\t\t\t\t\t<div class=\"e-con-inner\">\n\t\t\t\t<div class=\"elementor-element elementor-element-0bdf3b8 elementor-widget elementor-widget-spacer\" data-id=\"0bdf3b8\" data-element_type=\"widget\" data-e-type=\"widget\" data-widget_type=\"spacer.default\">\n\t\t\t\t<div class=\"elementor-widget-container\">\n\t\t\t\t\t\t\t<div class=\"elementor-spacer\">\n\t\t\t<div class=\"elementor-spacer-inner\"><\/div>\n\t\t<\/div>\n\t\t\t\t\t\t<\/div>\n\t\t\t\t<\/div>\n\t\t\t\t<div class=\"elementor-element elementor-element-9aec442 elementor-widget elementor-widget-heading\" data-id=\"9aec442\" data-element_type=\"widget\" data-e-type=\"widget\" data-widget_type=\"heading.default\">\n\t\t\t\t<div class=\"elementor-widget-container\">\n\t\t\t\t\t<h2 class=\"elementor-heading-title elementor-size-default\">Termo de Garantia<\/h2>\t\t\t\t<\/div>\n\t\t\t\t<\/div>\n\t\t\t\t<div class=\"elementor-element elementor-element-583dd82 elementor-widget elementor-widget-text-editor\" data-id=\"583dd82\" data-element_type=\"widget\" data-e-type=\"widget\" data-widget_type=\"text-editor.default\">\n\t\t\t\t<div class=\"elementor-widget-container\">\n\t\t\t\t\t\t\t\t\t<p>A U Z Ind. Com. Imp. E Exp. De Prod. Eletr. Ltda., inscrita no CNPJ n\u00ba 69.004.919\/0001-50, assegura ao propriet\u00e1rio do aparelho marca BELTEMPO, a Garantia Total contra defeito de material e\/ ou fabrica\u00e7\u00e3o que nele se apresentar, no per\u00edodo descrito na embalagem, contando a partir da data de sua compra.<\/p>\n<p>Se algum defeito surgir durante o prazo da garantia, o aparelho deve ser enviado, junto com a Nota Fiscal de compra \u00e0 revenda onde o aparelho foi adquirido que providenciar\u00e1 a troca por outro novo, sem qualquer \u00f4nus para o consumidor ou enviado \u00e0 nossa empresa, ap\u00f3s contato com o SAC Beltempo ( sac@beltempo.com.br ) .<\/p>\n<p>A BELTEMPO restringe sua responsabilidade unicamente durante a vig\u00eancia desta garantia, se for o caso, a garantia BELTEMPO n\u00e3o se aplica se o aparelho sofrer danos resultantes de acidente, agentes da natureza, desgaste das pe\u00e7as e componentes por mau uso ou desacordo com as instru\u00e7\u00f5es fornecidas com o mesmo, transporte ou remo\u00e7\u00e3o do aparelho, ou ainda se ele apresentar sinais de haver sido violado, ajustado ou consertado por pessoa n\u00e3o autorizada pela BELTEMPO.<\/p>\n<p>Todas as despesas de transporte necess\u00e1rias \u00e0 remessa do aparelho ao lojista e\/ou matriz da empresa BELTEMPO e respectiva devolu\u00e7\u00e3o ao consumidor, correr\u00e3o por conta e risco do mesmo. (Par\u00e1grafo \u00danico, Artigo 50 C\u00f3digo de defesa do consumidor).<\/p>\n<p>Esta Garantia se aplica apenas ao aparelho propriamente e a BELTEMPO n\u00e3o pode se responsabilizar por outras perdas ou danos de qualquer esp\u00e9cie.<\/p>\n<p>GUARDE A NOTA FISCAL DE COMPRA PARA TER DIREITO A GARANTIA.<\/p>\t\t\t\t\t\t\t\t<\/div>\n\t\t\t\t<\/div>\n\t\t\t\t\t<\/div>\n\t\t\t\t<\/div>\n\t\t<div class=\"elementor-element elementor-element-17c097a e-flex e-con-boxed wpr-particle-no wpr-jarallax-no wpr-parallax-no wpr-sticky-section-no wpr-equal-height-no e-con e-parent\" data-id=\"17c097a\" data-element_type=\"container\" data-e-type=\"container\">\n\t\t\t\t\t<div class=\"e-con-inner\">\n\t\t\t\t<div class=\"elementor-element elementor-element-1a96e21 elementor-widget elementor-widget-spacer\" data-id=\"1a96e21\" data-element_type=\"widget\" data-e-type=\"widget\" data-widget_type=\"spacer.default\">\n\t\t\t\t<div class=\"elementor-widget-container\">\n\t\t\t\t\t\t\t<div class=\"elementor-spacer\">\n\t\t\t<div class=\"elementor-spacer-inner\"><\/div>\n\t\t<\/div>\n\t\t\t\t\t\t<\/div>\n\t\t\t\t<\/div>\n\t\t\t\t\t<\/div>\n\t\t\t\t<\/div>\n\t\t<div class=\"elementor-element elementor-element-11f6ff2 elementor-hidden-desktop elementor-hidden-laptop elementor-hidden-tablet elementor-hidden-mobile e-flex e-con-boxed wpr-particle-no wpr-jarallax-no wpr-parallax-no wpr-sticky-section-no wpr-equal-height-no e-con e-parent\" data-id=\"11f6ff2\" data-element_type=\"container\" data-e-type=\"container\">\n\t\t\t\t\t<div class=\"e-con-inner\">\n\t\t\t\t<div class=\"elementor-element elementor-element-7b79132 elementor-widget elementor-widget-heading\" data-id=\"7b79132\" data-element_type=\"widget\" data-e-type=\"widget\" data-widget_type=\"heading.default\">\n\t\t\t\t<div class=\"elementor-widget-container\">\n\t\t\t\t\t<h2 class=\"elementor-heading-title elementor-size-default\">Garantia Estendida Gr\u00e1tis<\/h2>\t\t\t\t<\/div>\n\t\t\t\t<\/div>\n\t\t\t\t<div class=\"elementor-element elementor-element-d931705 elementor-widget elementor-widget-text-editor\" data-id=\"d931705\" data-element_type=\"widget\" data-e-type=\"widget\" data-widget_type=\"text-editor.default\">\n\t\t\t\t<div class=\"elementor-widget-container\">\n\t\t\t\t\t\t\t\t\t<p>Preencha o formul\u00e1rio com os seus dados e receba Garantia Estendida em seus produtos!<\/p>\t\t\t\t\t\t\t\t<\/div>\n\t\t\t\t<\/div>\n\t\t\t\t<div class=\"elementor-element elementor-element-49d359e elementor-button-align-center elementor-widget elementor-widget-form\" data-id=\"49d359e\" data-element_type=\"widget\" data-e-type=\"widget\" data-settings=\"{&quot;step_next_label&quot;:&quot;Pr\\u00f3ximo&quot;,&quot;step_previous_label&quot;:&quot;Anterior&quot;,&quot;button_width&quot;:&quot;100&quot;,&quot;step_type&quot;:&quot;number_text&quot;,&quot;step_icon_shape&quot;:&quot;circle&quot;}\" data-widget_type=\"form.default\">\n\t\t\t\t<div class=\"elementor-widget-container\">\n\t\t\t\t\t\t\t<form class=\"elementor-form\" method=\"post\" name=\"Garantia Estendida\" aria-label=\"Garantia Estendida\">\n\t\t\t<input type=\"hidden\" name=\"post_id\" value=\"5970\"\/>\n\t\t\t<input type=\"hidden\" name=\"form_id\" value=\"49d359e\"\/>\n\t\t\t<input type=\"hidden\" name=\"referer_title\" value=\"Termo de garantia\" \/>\n\n\t\t\t\t\t\t\t<input type=\"hidden\" name=\"queried_id\" value=\"5970\"\/>\n\t\t\t\n\t\t\t<div class=\"elementor-form-fields-wrapper elementor-labels-above\">\n\t\t\t\t\t\t\t\t<div class=\"elementor-field-type-text elementor-field-group elementor-column elementor-field-group-name elementor-col-100\">\n\t\t\t\t\t\t\t\t\t\t\t\t\t<input size=\"1\" type=\"text\" name=\"form_fields[name]\" id=\"form-field-name\" class=\"elementor-field elementor-size-xs  elementor-field-textual\" placeholder=\"Nome:\">\n\t\t\t\t\t\t\t\t\t\t\t<\/div>\n\t\t\t\t\t\t\t\t<div class=\"elementor-field-type-tel elementor-field-group elementor-column elementor-field-group-message elementor-col-50\">\n\t\t\t\t\t\t\t<input size=\"1\" type=\"tel\" name=\"form_fields[message]\" id=\"form-field-message\" class=\"elementor-field elementor-size-xs  elementor-field-textual\" placeholder=\"Telefone:\" pattern=\"[0-9()#&amp;+*-=.]+\" title=\"Apenas n\u00fameros e caracteres de telefone (#, -, *, etc.) s\u00e3o aceitos.\">\n\n\t\t\t\t\t\t<\/div>\n\t\t\t\t\t\t\t\t<div class=\"elementor-field-type-email elementor-field-group elementor-column elementor-field-group-email elementor-col-50 elementor-field-required\">\n\t\t\t\t\t\t\t\t\t\t\t\t\t<input size=\"1\" type=\"email\" name=\"form_fields[email]\" id=\"form-field-email\" class=\"elementor-field elementor-size-xs  elementor-field-textual\" placeholder=\"E-mail:\" required=\"required\">\n\t\t\t\t\t\t\t\t\t\t\t<\/div>\n\t\t\t\t\t\t\t\t<div class=\"elementor-field-type-text elementor-field-group elementor-column elementor-field-group-field_68db0fe elementor-col-100\">\n\t\t\t\t\t\t\t\t\t\t\t\t\t<input size=\"1\" type=\"text\" name=\"form_fields[field_68db0fe]\" id=\"form-field-field_68db0fe\" class=\"elementor-field elementor-size-xs  elementor-field-textual\" placeholder=\"Nome do produto:\">\n\t\t\t\t\t\t\t\t\t\t\t<\/div>\n\t\t\t\t\t\t\t\t<div class=\"elementor-field-type-textarea elementor-field-group elementor-column elementor-field-group-field_2129199 elementor-col-100\">\n\t\t\t\t\t<textarea class=\"elementor-field-textual elementor-field  elementor-size-xs\" name=\"form_fields[field_2129199]\" id=\"form-field-field_2129199\" rows=\"3\" placeholder=\"Observa\u00e7\u00f5es:\"><\/textarea>\t\t\t\t<\/div>\n\t\t\t\t\t\t\t\t<div class=\"elementor-field-group elementor-column elementor-field-type-submit elementor-col-100 e-form__buttons\">\n\t\t\t\t\t<button class=\"elementor-button elementor-size-sm\" type=\"submit\">\n\t\t\t\t\t\t<span class=\"elementor-button-content-wrapper\">\n\t\t\t\t\t\t\t\t\t\t\t\t\t\t\t\t\t\t\t\t\t\t<span class=\"elementor-button-text\">Enviar<\/span>\n\t\t\t\t\t\t\t\t\t\t\t\t\t<\/span>\n\t\t\t\t\t<\/button>\n\t\t\t\t<\/div>\n\t\t\t<\/div>\n\t\t<\/form>\n\t\t\t\t\t\t<\/div>\n\t\t\t\t<\/div>\n\t\t\t\t<div class=\"elementor-element elementor-element-79416b1 elementor-widget elementor-widget-spacer\" data-id=\"79416b1\" data-element_type=\"widget\" data-e-type=\"widget\" data-widget_type=\"spacer.default\">\n\t\t\t\t<div class=\"elementor-widget-container\">\n\t\t\t\t\t\t\t<div class=\"elementor-spacer\">\n\t\t\t<div class=\"elementor-spacer-inner\"><\/div>\n\t\t<\/div>\n\t\t\t\t\t\t<\/div>\n\t\t\t\t<\/div>\n\t\t\t\t\t<\/div>\n\t\t\t\t<\/div>\n\t\t\t\t<\/div>\n\t\t","protected":false},"excerpt":{"rendered":"<p>Termo de Garantia A U Z Ind. Com. Imp. E Exp. De Prod. Eletr. Ltda., inscrita no CNPJ n\u00ba 69.004.919\/0001-50, assegura ao propriet\u00e1rio do aparelho marca BELTEMPO, a Garantia Total contra defeito de material e\/ ou fabrica\u00e7\u00e3o que nele se apresentar, no per\u00edodo descrito na embalagem, contando a partir da data de sua compra. Se algum defeito surgir durante o prazo da garantia, o aparelho deve ser enviado, junto com a Nota Fiscal de compra \u00e0 revenda onde o aparelho foi adquirido que providenciar\u00e1 a troca por outro novo, sem qualquer \u00f4nus para o consumidor ou enviado \u00e0 nossa empresa, ap\u00f3s contato com o SAC Beltempo ( sac@beltempo.com.br ) . A BELTEMPO restringe sua responsabilidade unicamente durante a vig\u00eancia desta garantia, se for o caso, a garantia BELTEMPO n\u00e3o se aplica se o aparelho sofrer danos resultantes de acidente, agentes da natureza, desgaste das pe\u00e7as e componentes por mau uso ou desacordo com as instru\u00e7\u00f5es fornecidas com o mesmo, transporte ou remo\u00e7\u00e3o do aparelho, ou ainda se ele apresentar sinais de haver sido violado, ajustado ou consertado por pessoa n\u00e3o autorizada pela BELTEMPO. Todas as despesas de transporte necess\u00e1rias \u00e0 remessa do aparelho ao lojista e\/ou matriz da empresa BELTEMPO e respectiva devolu\u00e7\u00e3o ao consumidor, correr\u00e3o por conta e risco do mesmo. (Par\u00e1grafo \u00danico, Artigo 50 C\u00f3digo de defesa do consumidor). Esta Garantia se aplica apenas ao aparelho propriamente e a BELTEMPO n\u00e3o pode se responsabilizar por outras perdas ou danos de qualquer esp\u00e9cie. GUARDE A NOTA FISCAL DE COMPRA PARA TER DIREITO A GARANTIA. Garantia Estendida Gr\u00e1tis Preencha o formul\u00e1rio com os seus dados e receba Garantia Estendida em seus produtos!<\/p>\n","protected":false},"author":41,"featured_media":0,"parent":0,"menu_order":0,"comment_status":"closed","ping_status":"closed","template":"elementor_canvas","meta":{"footnotes":""},"class_list":["post-5970","page","type-page","status-publish","hentry"],"_links":{"self":[{"href":"https:\/\/beltempo.com.br\/site\/wp-json\/wp\/v2\/pages\/5970","targetHints":{"allow":["GET"]}}],"collection":[{"href":"https:\/\/beltempo.com.br\/site\/wp-json\/wp\/v2\/pages"}],"about":[{"href":"https:\/\/beltempo.com.br\/site\/wp-json\/wp\/v2\/types\/page"}],"author":[{"embeddable":true,"href":"https:\/\/beltempo.com.br\/site\/wp-json\/wp\/v2\/users\/41"}],"replies":[{"embeddable":true,"href":"https:\/\/beltempo.com.br\/site\/wp-json\/wp\/v2\/comments?post=5970"}],"version-history":[{"count":19,"href":"https:\/\/beltempo.com.br\/site\/wp-json\/wp\/v2\/pages\/5970\/revisions"}],"predecessor-version":[{"id":7960,"href":"https:\/\/beltempo.com.br\/site\/wp-json\/wp\/v2\/pages\/5970\/revisions\/7960"}],"wp:attachment":[{"href":"https:\/\/beltempo.com.br\/site\/wp-json\/wp\/v2\/media?parent=5970"}],"curies":[{"name":"wp","href":"https:\/\/api.w.org\/{rel}","templated":true}]}}