{"id":10619,"date":"2026-04-20T09:13:12","date_gmt":"2026-04-20T12:13:12","guid":{"rendered":"https:\/\/beltempo.com.br\/site\/?page_id=10619"},"modified":"2026-04-20T09:19:57","modified_gmt":"2026-04-20T12:19:57","slug":"vaso-sanitario-monobloco-caixa-acoplada-branco-bt-4130","status":"publish","type":"page","link":"https:\/\/beltempo.com.br\/site\/vaso-sanitario-monobloco-caixa-acoplada-branco-bt-4130\/","title":{"rendered":"Vaso Sanit\u00e1rio Monobloco Caixa Acoplada Branco BT-4130"},"content":{"rendered":"\t\t<div data-elementor-type=\"wp-page\" data-elementor-id=\"10619\" class=\"elementor elementor-10619\" data-elementor-post-type=\"page\">\n\t\t\t\t<div class=\"elementor-element elementor-element-dbe5b97 elementor-hidden-desktop elementor-hidden-laptop elementor-hidden-tablet elementor-hidden-mobile e-flex e-con-boxed wpr-particle-no wpr-jarallax-no wpr-parallax-no wpr-sticky-section-no wpr-equal-height-no e-con e-parent\" data-id=\"dbe5b97\" data-element_type=\"container\" data-e-type=\"container\" data-settings=\"{&quot;background_background&quot;:&quot;classic&quot;}\">\n\t\t\t\t\t<div class=\"e-con-inner\">\n\t\t<div class=\"elementor-element elementor-element-4f043af e-con-full e-flex wpr-particle-no wpr-jarallax-no wpr-parallax-no wpr-sticky-section-no wpr-equal-height-no e-con e-child\" data-id=\"4f043af\" data-element_type=\"container\" data-e-type=\"container\">\n\t\t\t\t<\/div>\n\t\t<div class=\"elementor-element elementor-element-b1a914b e-con-full e-flex wpr-particle-no wpr-jarallax-no wpr-parallax-no wpr-sticky-section-no wpr-equal-height-no e-con e-child\" data-id=\"b1a914b\" data-element_type=\"container\" data-e-type=\"container\">\n\t\t\t\t<div class=\"elementor-element elementor-element-e8537f4 wpr-fancy-text-push wpr-advanced-text-style-animated wpr-animated-text-infinite-yes elementor-widget elementor-widget-wpr-advanced-text\" data-id=\"e8537f4\" data-element_type=\"widget\" data-e-type=\"widget\" data-settings=\"{&quot;anim_loop&quot;:&quot;yes&quot;}\" data-widget_type=\"wpr-advanced-text.default\">\n\t\t\t\t<div class=\"elementor-widget-container\">\n\t\t\t\t\t\n\t\t<h3 class=\"wpr-advanced-text\">\n\n\t\t\t\t\t\n\t\t\t\t\t\t\t<span class=\"wpr-advanced-text-preffix\">Cuba Top\u00e1zio<\/span>\n\t\t\t\n\t\t<span class=\"wpr-anim-text wpr-anim-text-type-push\" data-anim-duration=\"1100,2000\" data-anim-loop=\"yes\">\n\t\t\t<span class=\"wpr-anim-text-inner\">\n\t\t\t\t\t\t\t<\/span>\n\t\t\t\t\t<\/span>\n\n\t\t\t\t\n\t\t<\/h3>\n\t\t\n\t\t\t\t\t\t<\/div>\n\t\t\t\t<\/div>\n\t\t\t\t<\/div>\n\t\t\t\t\t<\/div>\n\t\t\t\t<\/div>\n\t\t<div class=\"elementor-element elementor-element-9016605 e-flex e-con-boxed wpr-particle-no wpr-jarallax-no wpr-parallax-no wpr-sticky-section-no wpr-equal-height-no e-con e-parent\" data-id=\"9016605\" data-element_type=\"container\" data-e-type=\"container\">\n\t\t\t\t\t<div class=\"e-con-inner\">\n\t\t\t\t<div class=\"elementor-element elementor-element-bd87575 elementor-widget elementor-widget-spacer\" data-id=\"bd87575\" data-element_type=\"widget\" data-e-type=\"widget\" data-widget_type=\"spacer.default\">\n\t\t\t\t<div class=\"elementor-widget-container\">\n\t\t\t\t\t\t\t<div class=\"elementor-spacer\">\n\t\t\t<div class=\"elementor-spacer-inner\"><\/div>\n\t\t<\/div>\n\t\t\t\t\t\t<\/div>\n\t\t\t\t<\/div>\n\t\t\t\t\t<\/div>\n\t\t\t\t<\/div>\n\t\t<div class=\"elementor-element elementor-element-e94b5f4 e-flex e-con-boxed wpr-particle-no wpr-jarallax-no wpr-parallax-no wpr-sticky-section-no wpr-equal-height-no e-con e-parent\" data-id=\"e94b5f4\" data-element_type=\"container\" data-e-type=\"container\">\n\t\t\t\t\t<div class=\"e-con-inner\">\n\t\t<div class=\"elementor-element elementor-element-29f39ed e-con-full e-flex wpr-particle-no wpr-jarallax-no wpr-parallax-no wpr-sticky-section-no wpr-equal-height-no e-con e-child\" data-id=\"29f39ed\" data-element_type=\"container\" data-e-type=\"container\">\n\t\t\t\t<div class=\"elementor-element elementor-element-0def93d elementor-arrows-position-outside elementor-pagination-position-inside elementor-widget elementor-widget-image-carousel\" data-id=\"0def93d\" data-element_type=\"widget\" data-e-type=\"widget\" data-settings=\"{&quot;slides_to_show&quot;:&quot;1&quot;,&quot;pause_on_hover&quot;:&quot;no&quot;,&quot;pause_on_interaction&quot;:&quot;no&quot;,&quot;navigation&quot;:&quot;both&quot;,&quot;autoplay&quot;:&quot;yes&quot;,&quot;autoplay_speed&quot;:5000,&quot;infinite&quot;:&quot;yes&quot;,&quot;effect&quot;:&quot;slide&quot;,&quot;speed&quot;:500}\" data-widget_type=\"image-carousel.default\">\n\t\t\t\t<div class=\"elementor-widget-container\">\n\t\t\t\t\t\t\t<div class=\"elementor-image-carousel-wrapper swiper\" role=\"region\" aria-roledescription=\"carousel\" aria-label=\"Carrossel de imagens\" dir=\"ltr\">\n\t\t\t<div class=\"elementor-image-carousel swiper-wrapper\" aria-live=\"off\">\n\t\t\t\t\t\t\t\t<div class=\"swiper-slide\" role=\"group\" aria-roledescription=\"slide\" aria-label=\"1 de 5\"><figure class=\"swiper-slide-inner\"><img decoding=\"async\" class=\"swiper-slide-image\" src=\"https:\/\/beltempo.com.br\/site\/wp-content\/uploads\/2026\/04\/vaso-bt-4130-1.1.webp\" alt=\"vaso-bt-4130-1.1\" \/><\/figure><\/div><div class=\"swiper-slide\" role=\"group\" aria-roledescription=\"slide\" aria-label=\"2 de 5\"><figure class=\"swiper-slide-inner\"><img decoding=\"async\" class=\"swiper-slide-image\" src=\"https:\/\/beltempo.com.br\/site\/wp-content\/uploads\/2026\/04\/vaso-bt-4110-1.2.webp\" alt=\"vaso-bt-4110-1.2\" \/><\/figure><\/div><div class=\"swiper-slide\" role=\"group\" aria-roledescription=\"slide\" aria-label=\"3 de 5\"><figure class=\"swiper-slide-inner\"><img decoding=\"async\" class=\"swiper-slide-image\" src=\"https:\/\/beltempo.com.br\/site\/wp-content\/uploads\/2026\/04\/vaso-bt-4130-1.2.webp\" alt=\"vaso-bt-4130-1.2\" \/><\/figure><\/div><div class=\"swiper-slide\" role=\"group\" aria-roledescription=\"slide\" aria-label=\"4 de 5\"><figure class=\"swiper-slide-inner\"><img decoding=\"async\" class=\"swiper-slide-image\" src=\"https:\/\/beltempo.com.br\/site\/wp-content\/uploads\/2026\/04\/vaso-bt-4130-1.3.webp\" alt=\"vaso-bt-4130-1.3\" \/><\/figure><\/div><div class=\"swiper-slide\" role=\"group\" aria-roledescription=\"slide\" aria-label=\"5 de 5\"><figure class=\"swiper-slide-inner\"><img decoding=\"async\" class=\"swiper-slide-image\" src=\"https:\/\/beltempo.com.br\/site\/wp-content\/uploads\/2026\/04\/vaso-bt-4130-1.4.webp\" alt=\"vaso-bt-4130-1.4\" \/><\/figure><\/div>\t\t\t<\/div>\n\t\t\t\t\t\t\t\t\t\t\t\t<div class=\"elementor-swiper-button elementor-swiper-button-prev\" role=\"button\" tabindex=\"0\">\n\t\t\t\t\t\t<svg aria-hidden=\"true\" class=\"e-font-icon-svg e-eicon-chevron-left\" viewBox=\"0 0 1000 1000\" xmlns=\"http:\/\/www.w3.org\/2000\/svg\"><path d=\"M646 125C629 125 613 133 604 142L308 442C296 454 292 471 292 487 292 504 296 521 308 533L604 854C617 867 629 875 646 875 663 875 679 871 692 858 704 846 713 829 713 812 713 796 708 779 692 767L438 487 692 225C700 217 708 204 708 187 708 171 704 154 692 142 675 129 663 125 646 125Z\"><\/path><\/svg>\t\t\t\t\t<\/div>\n\t\t\t\t\t<div class=\"elementor-swiper-button elementor-swiper-button-next\" role=\"button\" tabindex=\"0\">\n\t\t\t\t\t\t<svg aria-hidden=\"true\" class=\"e-font-icon-svg e-eicon-chevron-right\" viewBox=\"0 0 1000 1000\" xmlns=\"http:\/\/www.w3.org\/2000\/svg\"><path d=\"M696 533C708 521 713 504 713 487 713 471 708 454 696 446L400 146C388 133 375 125 354 125 338 125 325 129 313 142 300 154 292 171 292 187 292 204 296 221 308 233L563 492 304 771C292 783 288 800 288 817 288 833 296 850 308 863 321 871 338 875 354 875 371 875 388 867 400 854L696 533Z\"><\/path><\/svg>\t\t\t\t\t<\/div>\n\t\t\t\t\n\t\t\t\t\t\t\t\t\t<div class=\"swiper-pagination\"><\/div>\n\t\t\t\t\t\t\t\t\t<\/div>\n\t\t\t\t\t\t<\/div>\n\t\t\t\t<\/div>\n\t\t\t\t<\/div>\n\t\t<div class=\"elementor-element elementor-element-3d15747 e-con-full e-flex wpr-particle-no wpr-jarallax-no wpr-parallax-no wpr-sticky-section-no wpr-equal-height-no e-con e-child\" data-id=\"3d15747\" data-element_type=\"container\" data-e-type=\"container\">\n\t\t\t\t<div class=\"elementor-element elementor-element-048225f elementor-widget elementor-widget-spacer\" data-id=\"048225f\" data-element_type=\"widget\" data-e-type=\"widget\" data-widget_type=\"spacer.default\">\n\t\t\t\t<div class=\"elementor-widget-container\">\n\t\t\t\t\t\t\t<div class=\"elementor-spacer\">\n\t\t\t<div class=\"elementor-spacer-inner\"><\/div>\n\t\t<\/div>\n\t\t\t\t\t\t<\/div>\n\t\t\t\t<\/div>\n\t\t\t\t<div class=\"elementor-element elementor-element-1f82dd5 elementor-widget elementor-widget-heading\" data-id=\"1f82dd5\" data-element_type=\"widget\" data-e-type=\"widget\" data-widget_type=\"heading.default\">\n\t\t\t\t<div class=\"elementor-widget-container\">\n\t\t\t\t\t<h2 class=\"elementor-heading-title elementor-size-default\">Vaso Sanit\u00e1rio Monobloco Branco Caixa Acoplada BT-4130<\/h2>\t\t\t\t<\/div>\n\t\t\t\t<\/div>\n\t\t\t\t<div class=\"elementor-element elementor-element-ad85b70 elementor-widget elementor-widget-text-editor\" data-id=\"ad85b70\" data-element_type=\"widget\" data-e-type=\"widget\" data-widget_type=\"text-editor.default\">\n\t\t\t\t<div class=\"elementor-widget-container\">\n\t\t\t\t\t\t\t\t\t<p><strong>Tipo de Vaso Sanit\u00e1rio:<\/strong> Monobloco Caixa Acoplada<br \/><strong>Material:<\/strong> Cer\u00e2mica Esmaltada<br \/><strong style=\"font-size: 1rem;\">Modelo:<\/strong><span style=\"font-size: 1rem;\"> BT-4130<\/span><\/p><p><strong>Dimens\u00f5es: <\/strong><br \/><strong>Comprimento:<\/strong> 77 cm<br \/><strong>Largura:<\/strong> 38 cm<br \/><strong>Profundidade:<\/strong> 73 cm<br \/><strong>Peso:<\/strong> 50,1 kg<\/p><p>Garantia de 12 meses<\/p>\t\t\t\t\t\t\t\t<\/div>\n\t\t\t\t<\/div>\n\t\t\t\t<div class=\"elementor-element elementor-element-8c58b33 elementor-align-left elementor-widget elementor-widget-button\" data-id=\"8c58b33\" data-element_type=\"widget\" data-e-type=\"widget\" data-widget_type=\"button.default\">\n\t\t\t\t<div class=\"elementor-widget-container\">\n\t\t\t\t\t\t\t\t\t<div class=\"elementor-button-wrapper\">\n\t\t\t\t\t<a class=\"elementor-button elementor-button-link elementor-size-sm elementor-animation-grow\" href=\"https:\/\/www.mercadolivre.com.br\/vaso-sanitario-monobloco-completo-caixa-acoplada-privada-branco-bt-4130-beltempo\/p\/MLB67292802?pdp_filters=item_id%3AMLB4564500981\" target=\"_blank\">\n\t\t\t\t\t\t<span class=\"elementor-button-content-wrapper\">\n\t\t\t\t\t\t<span class=\"elementor-button-icon\">\n\t\t\t\t<svg aria-hidden=\"true\" class=\"e-font-icon-svg e-fas-shopping-cart\" viewBox=\"0 0 576 512\" xmlns=\"http:\/\/www.w3.org\/2000\/svg\"><path d=\"M528.12 301.319l47.273-208C578.806 78.301 567.391 64 551.99 64H159.208l-9.166-44.81C147.758 8.021 137.93 0 126.529 0H24C10.745 0 0 10.745 0 24v16c0 13.255 10.745 24 24 24h69.883l70.248 343.435C147.325 417.1 136 435.222 136 456c0 30.928 25.072 56 56 56s56-25.072 56-56c0-15.674-6.447-29.835-16.824-40h209.647C430.447 426.165 424 440.326 424 456c0 30.928 25.072 56 56 56s56-25.072 56-56c0-22.172-12.888-41.332-31.579-50.405l5.517-24.276c3.413-15.018-8.002-29.319-23.403-29.319H218.117l-6.545-32h293.145c11.206 0 20.92-7.754 23.403-18.681z\"><\/path><\/svg>\t\t\t<\/span>\n\t\t\t\t\t\t\t\t\t<span class=\"elementor-button-text\">Ir para a loja<\/span>\n\t\t\t\t\t<\/span>\n\t\t\t\t\t<\/a>\n\t\t\t\t<\/div>\n\t\t\t\t\t\t\t\t<\/div>\n\t\t\t\t<\/div>\n\t\t\t\t<\/div>\n\t\t\t\t\t<\/div>\n\t\t\t\t<\/div>\n\t\t<div class=\"elementor-element elementor-element-41d094d e-flex e-con-boxed wpr-particle-no wpr-jarallax-no wpr-parallax-no wpr-sticky-section-no wpr-equal-height-no e-con e-parent\" data-id=\"41d094d\" data-element_type=\"container\" data-e-type=\"container\">\n\t\t\t\t\t<div class=\"e-con-inner\">\n\t\t\t\t<div class=\"elementor-element elementor-element-d4ad9cc elementor-widget elementor-widget-text-editor\" data-id=\"d4ad9cc\" data-element_type=\"widget\" data-e-type=\"widget\" data-widget_type=\"text-editor.default\">\n\t\t\t\t<div class=\"elementor-widget-container\">\n\t\t\t\t\t\t\t\t\t<p>Vaso Sanit\u00e1rio Monobloco Completo Caixa Acoplada Privada Branco BT-4130 Beltempo<\/p>\n<p>Com um visual moderno e funcional, o Vaso Sanit\u00e1rio Monobloco BT-4130 Beltempo \u00e9 a escolha certa para quem busca praticidade no dia a dia e melhor aproveitamento do espa\u00e7o. Conta com duplo acionamento (3 ou 6L) para ajudar na economia de \u00e1gua, al\u00e9m da Descarga Ciclone e do Jato Plus, que aumentam a efici\u00eancia da descarga e ajudam a evitar entupimentos. O assento com fechamento suave traz mais conforto e reduz ru\u00eddos, e a estrutura em cer\u00e2mica esmaltada garante acabamento sofisticado, resistente e f\u00e1cil de limpar. Adquira um produto de excel\u00eancia da Beltempo, uma marca com 30 anos de inova\u00e7\u00e3o, qualidade e confian\u00e7a no mercado.<\/p>\n<p>DIFERENCIAIS:<br>\n&#8211; Duplo acionamento: escolha entre 3 ou 6L de descarga<br>\n&#8211; Descarga Ciclone, pot\u00eancia e efici\u00eancia<br>\n&#8211; Jato Plus, evita entupimentos<br>\n&#8211; Economia de at\u00e9 60% menos \u00e1gua por uso&nbsp;<br>\n&#8211; Design Monobloco<br>\n&#8211; Fechamento suave do assento e tampa<br>\n&#8211; Feito em cer\u00e2mica esmaltada<br>\n&#8211; Acompanha kit completo para instala\u00e7\u00e3o<\/p>\n<p>INFORMA\u00c7\u00d5ES T\u00c9CNICAS:<br>\n&#8211; Marca: Beltempo<br>\n&#8211; Modelo: BT-4130<br>\n&#8211; Tipo de Vaso Sanit\u00e1rio: Monobloco Caixa Acoplada<br>\n&#8211; Material: Cer\u00e2mica Esmaltada<br>\n&#8211; Forma: Redonda<br>\n&#8211; Tipo de sa\u00edda: Vertical<br>\n&#8211; Tipo de descarga: Caixa Acoplada<br>\n&#8211; Capacidade de descarga: 3 &#8211; 6L<br>\n&#8211; \u00c9 um vaso sanit\u00e1rio de uma pe\u00e7a: Sim<br>\n&#8211; Inclui reservat\u00f3rio de \u00e1gua: Sim<\/p>\n<p>ITENS INCLUSOS:<br>\n&#8211; Vaso Sanit\u00e1rio Monobloco<br>\n&#8211; Assento Sanit\u00e1rio<br>\n&#8211; Anel de Veda\u00e7\u00e3o<br>\n&#8211; Parafusos e buchas<br>\n&#8211; Manual de Instala\u00e7\u00e3o<\/p>\t\t\t\t\t\t\t\t<\/div>\n\t\t\t\t<\/div>\n\t\t\t\t<div class=\"elementor-element elementor-element-33ba2b4 elementor-widget elementor-widget-spacer\" data-id=\"33ba2b4\" data-element_type=\"widget\" data-e-type=\"widget\" data-widget_type=\"spacer.default\">\n\t\t\t\t<div class=\"elementor-widget-container\">\n\t\t\t\t\t\t\t<div class=\"elementor-spacer\">\n\t\t\t<div class=\"elementor-spacer-inner\"><\/div>\n\t\t<\/div>\n\t\t\t\t\t\t<\/div>\n\t\t\t\t<\/div>\n\t\t\t\t\t<\/div>\n\t\t\t\t<\/div>\n\t\t<div class=\"elementor-element elementor-element-3ebc9c3 elementor-hidden-desktop elementor-hidden-laptop elementor-hidden-tablet elementor-hidden-mobile e-flex e-con-boxed wpr-particle-no wpr-jarallax-no wpr-parallax-no wpr-sticky-section-no wpr-equal-height-no e-con e-parent\" data-id=\"3ebc9c3\" data-element_type=\"container\" data-e-type=\"container\">\n\t\t\t\t\t<div class=\"e-con-inner\">\n\t\t\t\t<div class=\"elementor-element elementor-element-38cc823 elementor-widget elementor-widget-image\" data-id=\"38cc823\" data-element_type=\"widget\" data-e-type=\"widget\" data-widget_type=\"image.default\">\n\t\t\t\t<div class=\"elementor-widget-container\">\n\t\t\t\t\t\t\t\t\t\t\t\t\t\t\t<img fetchpriority=\"high\" decoding=\"async\" width=\"800\" height=\"614\" src=\"https:\/\/beltempo.com.br\/site\/wp-content\/uploads\/2025\/02\/descricao-detalhada-cristal-1.webp\" class=\"attachment-large size-large wp-image-6629\" alt=\"\" srcset=\"https:\/\/beltempo.com.br\/site\/wp-content\/uploads\/2025\/02\/descricao-detalhada-cristal-1.webp 1000w, https:\/\/beltempo.com.br\/site\/wp-content\/uploads\/2025\/02\/descricao-detalhada-cristal-1-300x230.webp 300w, https:\/\/beltempo.com.br\/site\/wp-content\/uploads\/2025\/02\/descricao-detalhada-cristal-1-768x590.webp 768w, https:\/\/beltempo.com.br\/site\/wp-content\/uploads\/2025\/02\/descricao-detalhada-cristal-1-200x154.webp 200w, https:\/\/beltempo.com.br\/site\/wp-content\/uploads\/2025\/02\/descricao-detalhada-cristal-1-500x384.webp 500w, https:\/\/beltempo.com.br\/site\/wp-content\/uploads\/2025\/02\/descricao-detalhada-cristal-1-64x49.webp 64w\" sizes=\"(max-width: 800px) 100vw, 800px\" \/>\t\t\t\t\t\t\t\t\t\t\t\t\t\t\t<\/div>\n\t\t\t\t<\/div>\n\t\t\t\t<div class=\"elementor-element elementor-element-ac065a5 elementor-widget elementor-widget-image\" data-id=\"ac065a5\" data-element_type=\"widget\" data-e-type=\"widget\" data-widget_type=\"image.default\">\n\t\t\t\t<div class=\"elementor-widget-container\">\n\t\t\t\t\t\t\t\t\t\t\t\t\t\t\t<img decoding=\"async\" width=\"800\" height=\"614\" src=\"https:\/\/beltempo.com.br\/site\/wp-content\/uploads\/2025\/02\/descricao-detalhada-cristal-2.webp\" class=\"attachment-large size-large wp-image-6630\" alt=\"\" srcset=\"https:\/\/beltempo.com.br\/site\/wp-content\/uploads\/2025\/02\/descricao-detalhada-cristal-2.webp 1000w, https:\/\/beltempo.com.br\/site\/wp-content\/uploads\/2025\/02\/descricao-detalhada-cristal-2-300x230.webp 300w, https:\/\/beltempo.com.br\/site\/wp-content\/uploads\/2025\/02\/descricao-detalhada-cristal-2-768x590.webp 768w, https:\/\/beltempo.com.br\/site\/wp-content\/uploads\/2025\/02\/descricao-detalhada-cristal-2-200x154.webp 200w, https:\/\/beltempo.com.br\/site\/wp-content\/uploads\/2025\/02\/descricao-detalhada-cristal-2-500x384.webp 500w, https:\/\/beltempo.com.br\/site\/wp-content\/uploads\/2025\/02\/descricao-detalhada-cristal-2-64x49.webp 64w\" sizes=\"(max-width: 800px) 100vw, 800px\" \/>\t\t\t\t\t\t\t\t\t\t\t\t\t\t\t<\/div>\n\t\t\t\t<\/div>\n\t\t\t\t<div class=\"elementor-element elementor-element-cf9ea14 elementor-widget elementor-widget-image\" data-id=\"cf9ea14\" data-element_type=\"widget\" data-e-type=\"widget\" data-widget_type=\"image.default\">\n\t\t\t\t<div class=\"elementor-widget-container\">\n\t\t\t\t\t\t\t\t\t\t\t\t\t\t\t<img decoding=\"async\" width=\"800\" height=\"614\" src=\"https:\/\/beltempo.com.br\/site\/wp-content\/uploads\/2025\/02\/descricao-detalhada-cristal-3.webp\" class=\"attachment-large size-large wp-image-6631\" alt=\"\" srcset=\"https:\/\/beltempo.com.br\/site\/wp-content\/uploads\/2025\/02\/descricao-detalhada-cristal-3.webp 1000w, https:\/\/beltempo.com.br\/site\/wp-content\/uploads\/2025\/02\/descricao-detalhada-cristal-3-300x230.webp 300w, https:\/\/beltempo.com.br\/site\/wp-content\/uploads\/2025\/02\/descricao-detalhada-cristal-3-768x590.webp 768w, https:\/\/beltempo.com.br\/site\/wp-content\/uploads\/2025\/02\/descricao-detalhada-cristal-3-200x154.webp 200w, https:\/\/beltempo.com.br\/site\/wp-content\/uploads\/2025\/02\/descricao-detalhada-cristal-3-500x384.webp 500w, https:\/\/beltempo.com.br\/site\/wp-content\/uploads\/2025\/02\/descricao-detalhada-cristal-3-64x49.webp 64w\" sizes=\"(max-width: 800px) 100vw, 800px\" \/>\t\t\t\t\t\t\t\t\t\t\t\t\t\t\t<\/div>\n\t\t\t\t<\/div>\n\t\t\t\t<div class=\"elementor-element elementor-element-750277c elementor-widget elementor-widget-image\" data-id=\"750277c\" data-element_type=\"widget\" data-e-type=\"widget\" data-widget_type=\"image.default\">\n\t\t\t\t<div class=\"elementor-widget-container\">\n\t\t\t\t\t\t\t\t\t\t\t\t\t\t\t<img loading=\"lazy\" decoding=\"async\" width=\"800\" height=\"614\" src=\"https:\/\/beltempo.com.br\/site\/wp-content\/uploads\/2025\/02\/descricao-detalhada-cristal-4.webp\" class=\"attachment-large size-large wp-image-6632\" alt=\"\" srcset=\"https:\/\/beltempo.com.br\/site\/wp-content\/uploads\/2025\/02\/descricao-detalhada-cristal-4.webp 1000w, https:\/\/beltempo.com.br\/site\/wp-content\/uploads\/2025\/02\/descricao-detalhada-cristal-4-300x230.webp 300w, https:\/\/beltempo.com.br\/site\/wp-content\/uploads\/2025\/02\/descricao-detalhada-cristal-4-768x590.webp 768w, https:\/\/beltempo.com.br\/site\/wp-content\/uploads\/2025\/02\/descricao-detalhada-cristal-4-200x154.webp 200w, https:\/\/beltempo.com.br\/site\/wp-content\/uploads\/2025\/02\/descricao-detalhada-cristal-4-500x384.webp 500w, https:\/\/beltempo.com.br\/site\/wp-content\/uploads\/2025\/02\/descricao-detalhada-cristal-4-64x49.webp 64w\" sizes=\"(max-width: 800px) 100vw, 800px\" \/>\t\t\t\t\t\t\t\t\t\t\t\t\t\t\t<\/div>\n\t\t\t\t<\/div>\n\t\t\t\t<div class=\"elementor-element elementor-element-3eb8899 elementor-widget elementor-widget-spacer\" data-id=\"3eb8899\" data-element_type=\"widget\" data-e-type=\"widget\" data-widget_type=\"spacer.default\">\n\t\t\t\t<div class=\"elementor-widget-container\">\n\t\t\t\t\t\t\t<div class=\"elementor-spacer\">\n\t\t\t<div class=\"elementor-spacer-inner\"><\/div>\n\t\t<\/div>\n\t\t\t\t\t\t<\/div>\n\t\t\t\t<\/div>\n\t\t\t\t\t<\/div>\n\t\t\t\t<\/div>\n\t\t<div class=\"elementor-element elementor-element-bb64452 elementor-hidden-desktop elementor-hidden-laptop elementor-hidden-tablet elementor-hidden-mobile e-flex e-con-boxed wpr-particle-no wpr-jarallax-no wpr-parallax-no wpr-sticky-section-no wpr-equal-height-no e-con e-parent\" data-id=\"bb64452\" data-element_type=\"container\" data-e-type=\"container\">\n\t\t\t\t\t<div class=\"e-con-inner\">\n\t\t\t\t<div class=\"elementor-element elementor-element-8d79bed elementor-widget elementor-widget-spacer\" data-id=\"8d79bed\" data-element_type=\"widget\" data-e-type=\"widget\" data-widget_type=\"spacer.default\">\n\t\t\t\t<div class=\"elementor-widget-container\">\n\t\t\t\t\t\t\t<div class=\"elementor-spacer\">\n\t\t\t<div class=\"elementor-spacer-inner\"><\/div>\n\t\t<\/div>\n\t\t\t\t\t\t<\/div>\n\t\t\t\t<\/div>\n\t\t\t\t\t<\/div>\n\t\t\t\t<\/div>\n\t\t<div class=\"elementor-element elementor-element-f0cb4f0 elementor-hidden-desktop elementor-hidden-laptop elementor-hidden-tablet elementor-hidden-mobile e-flex e-con-boxed wpr-particle-no wpr-jarallax-no wpr-parallax-no wpr-sticky-section-no wpr-equal-height-no e-con e-parent\" data-id=\"f0cb4f0\" data-element_type=\"container\" data-e-type=\"container\">\n\t\t\t\t\t<div class=\"e-con-inner\">\n\t\t\t\t<div class=\"elementor-element elementor-element-039ce2c elementor-widget-divider--view-line elementor-widget elementor-widget-divider\" data-id=\"039ce2c\" data-element_type=\"widget\" data-e-type=\"widget\" data-widget_type=\"divider.default\">\n\t\t\t\t<div class=\"elementor-widget-container\">\n\t\t\t\t\t\t\t<div class=\"elementor-divider\">\n\t\t\t<span class=\"elementor-divider-separator\">\n\t\t\t\t\t\t<\/span>\n\t\t<\/div>\n\t\t\t\t\t\t<\/div>\n\t\t\t\t<\/div>\n\t\t\t\t<div class=\"elementor-element elementor-element-0236b9f elementor-widget elementor-widget-spacer\" data-id=\"0236b9f\" data-element_type=\"widget\" data-e-type=\"widget\" data-widget_type=\"spacer.default\">\n\t\t\t\t<div class=\"elementor-widget-container\">\n\t\t\t\t\t\t\t<div class=\"elementor-spacer\">\n\t\t\t<div class=\"elementor-spacer-inner\"><\/div>\n\t\t<\/div>\n\t\t\t\t\t\t<\/div>\n\t\t\t\t<\/div>\n\t\t\t\t\t<\/div>\n\t\t\t\t<\/div>\n\t\t\t\t<\/div>\n\t\t","protected":false},"excerpt":{"rendered":"<p>Cuba Top\u00e1zio Vaso Sanit\u00e1rio Monobloco Branco Caixa Acoplada BT-4130 Tipo de Vaso Sanit\u00e1rio: Monobloco Caixa AcopladaMaterial: Cer\u00e2mica EsmaltadaModelo: BT-4130 Dimens\u00f5es: Comprimento: 77 cmLargura: 38 cmProfundidade: 73 cmPeso: 50,1 kg Garantia de 12 meses Ir para a loja Vaso Sanit\u00e1rio Monobloco Completo Caixa Acoplada Privada Branco BT-4130 Beltempo Com um visual moderno e funcional, o Vaso Sanit\u00e1rio Monobloco BT-4130 Beltempo \u00e9 a escolha certa para quem busca praticidade no dia a dia e melhor aproveitamento do espa\u00e7o. Conta com duplo acionamento (3 ou 6L) para ajudar na economia de \u00e1gua, al\u00e9m da Descarga Ciclone e do Jato Plus, que aumentam a efici\u00eancia da descarga e ajudam a evitar entupimentos. O assento com fechamento suave traz mais conforto e reduz ru\u00eddos, e a estrutura em cer\u00e2mica esmaltada garante acabamento sofisticado, resistente e f\u00e1cil de limpar. Adquira um produto de excel\u00eancia da Beltempo, uma marca com 30 anos de inova\u00e7\u00e3o, qualidade e confian\u00e7a no mercado. DIFERENCIAIS: &#8211; Duplo acionamento: escolha entre 3 ou 6L de descarga &#8211; Descarga Ciclone, pot\u00eancia e efici\u00eancia &#8211; Jato Plus, evita entupimentos &#8211; Economia de at\u00e9 60% menos \u00e1gua por uso&nbsp; &#8211; Design Monobloco &#8211; Fechamento suave do assento e tampa &#8211; Feito em cer\u00e2mica esmaltada &#8211; Acompanha kit completo para instala\u00e7\u00e3o INFORMA\u00c7\u00d5ES T\u00c9CNICAS: &#8211; Marca: Beltempo &#8211; Modelo: BT-4130 &#8211; Tipo de Vaso Sanit\u00e1rio: Monobloco Caixa Acoplada &#8211; Material: Cer\u00e2mica Esmaltada &#8211; Forma: Redonda &#8211; Tipo de sa\u00edda: Vertical &#8211; Tipo de descarga: Caixa Acoplada &#8211; Capacidade de descarga: 3 &#8211; 6L &#8211; \u00c9 um vaso sanit\u00e1rio de uma pe\u00e7a: Sim &#8211; Inclui reservat\u00f3rio de \u00e1gua: Sim ITENS INCLUSOS: &#8211; Vaso Sanit\u00e1rio Monobloco &#8211; Assento Sanit\u00e1rio &#8211; Anel de Veda\u00e7\u00e3o &#8211; Parafusos e buchas &#8211; Manual de Instala\u00e7\u00e3o<\/p>\n","protected":false},"author":41,"featured_media":0,"parent":0,"menu_order":0,"comment_status":"closed","ping_status":"closed","template":"elementor_canvas","meta":{"footnotes":""},"class_list":["post-10619","page","type-page","status-publish","hentry"],"_links":{"self":[{"href":"https:\/\/beltempo.com.br\/site\/wp-json\/wp\/v2\/pages\/10619","targetHints":{"allow":["GET"]}}],"collection":[{"href":"https:\/\/beltempo.com.br\/site\/wp-json\/wp\/v2\/pages"}],"about":[{"href":"https:\/\/beltempo.com.br\/site\/wp-json\/wp\/v2\/types\/page"}],"author":[{"embeddable":true,"href":"https:\/\/beltempo.com.br\/site\/wp-json\/wp\/v2\/users\/41"}],"replies":[{"embeddable":true,"href":"https:\/\/beltempo.com.br\/site\/wp-json\/wp\/v2\/comments?post=10619"}],"version-history":[{"count":7,"href":"https:\/\/beltempo.com.br\/site\/wp-json\/wp\/v2\/pages\/10619\/revisions"}],"predecessor-version":[{"id":10626,"href":"https:\/\/beltempo.com.br\/site\/wp-json\/wp\/v2\/pages\/10619\/revisions\/10626"}],"wp:attachment":[{"href":"https:\/\/beltempo.com.br\/site\/wp-json\/wp\/v2\/media?parent=10619"}],"curies":[{"name":"wp","href":"https:\/\/api.w.org\/{rel}","templated":true}]}}